{"id":6104,"date":"2025-08-05T10:00:30","date_gmt":"2025-08-05T08:00:30","guid":{"rendered":"https:\/\/www.eglantine-mariages-ceremonies.com\/produit\/bermudes\/"},"modified":"2025-12-12T14:10:12","modified_gmt":"2025-12-12T13:10:12","slug":"robe-de-mariee-bermudes","status":"publish","type":"product","link":"https:\/\/www.eglantine-mariages-ceremonies.com\/de\/produit\/robe-de-mariee-bermudes\/","title":{"rendered":"Bermudes"},"content":{"rendered":"<p>Coloris : ivoire-rose pale, ivoire, blanc. Tailles : du 34 au 74<\/p>\n","protected":false},"excerpt":{"rendered":"<p>Avec sa jupe en tulle fendue sur le c\u00f4t\u00e9, cette robe de mari\u00e9e boh\u00eame mettra en valeur les jambes tandis que la lingerie s\u2019invite sur bustier c\u0153ur aux fines bretelles. Une robe ravissante et moderne \u00e0 la fois.<\/p>\n","protected":false},"featured_media":6747,"comment_status":"open","ping_status":"closed","template":"","meta":[],"product_cat":[91],"product_tag":[],"acf":[],"yoast_head":"<!-- This site is optimized with the Yoast SEO plugin v20.3 - https:\/\/yoast.com\/wordpress\/plugins\/seo\/ -->\n<title>Bermudes - \u00c9glantine Mariages C\u00e9r\u00e9monies<\/title>\n<meta name=\"robots\" content=\"index, follow, max-snippet:-1, max-image-preview:large, max-video-preview:-1\" \/>\n<link rel=\"canonical\" href=\"https:\/\/www.eglantine-mariages-ceremonies.com\/de\/produit\/robe-de-mariee-bermudes\/\" \/>\n<meta property=\"og:locale\" content=\"de_DE\" \/>\n<meta property=\"og:type\" content=\"article\" \/>\n<meta property=\"og:title\" content=\"Bermudes - \u00c9glantine Mariages C\u00e9r\u00e9monies\" \/>\n<meta property=\"og:description\" content=\"Avec sa jupe en tulle fendue sur le c\u00f4t\u00e9, cette robe de mari\u00e9e boh\u00eame mettra en valeur les jambes tandis que la lingerie s\u2019invite sur bustier c\u0153ur aux fines bretelles. Une robe ravissante et moderne \u00e0 la fois.\" \/>\n<meta property=\"og:url\" content=\"https:\/\/www.eglantine-mariages-ceremonies.com\/de\/produit\/robe-de-mariee-bermudes\/\" \/>\n<meta property=\"og:site_name\" content=\"\u00c9glantine Mariages C\u00e9r\u00e9monies\" \/>\n<meta property=\"article:modified_time\" content=\"2025-12-12T13:10:12+00:00\" \/>\n<meta property=\"og:image\" content=\"https:\/\/www.eglantine-mariages-ceremonies.com\/wp-content\/uploads\/2022\/07\/BERMUDES-2571-1-scaled.jpg\" \/>\n\t<meta property=\"og:image:width\" content=\"2668\" \/>\n\t<meta property=\"og:image:height\" content=\"4000\" \/>\n\t<meta property=\"og:image:type\" content=\"image\/jpeg\" \/>\n<meta name=\"twitter:card\" content=\"summary_large_image\" \/>\n<meta name=\"twitter:label1\" content=\"Gesch\u00e4tzte Lesezeit\" \/>\n\t<meta name=\"twitter:data1\" content=\"1\u00a0Minute\" \/>\n<script type=\"application\/ld+json\" class=\"yoast-schema-graph\">{\"@context\":\"https:\/\/schema.org\",\"@graph\":[{\"@type\":\"WebPage\",\"@id\":\"https:\/\/www.eglantine-mariages-ceremonies.com\/de\/produit\/robe-de-mariee-bermudes\/\",\"url\":\"https:\/\/www.eglantine-mariages-ceremonies.com\/de\/produit\/robe-de-mariee-bermudes\/\",\"name\":\"Bermudes - \u00c9glantine Mariages C\u00e9r\u00e9monies\",\"isPartOf\":{\"@id\":\"https:\/\/www.eglantine-mariages-ceremonies.com\/de\/#website\"},\"datePublished\":\"2025-08-05T08:00:30+00:00\",\"dateModified\":\"2025-12-12T13:10:12+00:00\",\"breadcrumb\":{\"@id\":\"https:\/\/www.eglantine-mariages-ceremonies.com\/de\/produit\/robe-de-mariee-bermudes\/#breadcrumb\"},\"inLanguage\":\"de\",\"potentialAction\":[{\"@type\":\"ReadAction\",\"target\":[\"https:\/\/www.eglantine-mariages-ceremonies.com\/de\/produit\/robe-de-mariee-bermudes\/\"]}]},{\"@type\":\"BreadcrumbList\",\"@id\":\"https:\/\/www.eglantine-mariages-ceremonies.com\/de\/produit\/robe-de-mariee-bermudes\/#breadcrumb\",\"itemListElement\":[{\"@type\":\"ListItem\",\"position\":1,\"name\":\"Accueil\",\"item\":\"https:\/\/www.eglantine-mariages-ceremonies.com\/de\/\"},{\"@type\":\"ListItem\",\"position\":2,\"name\":\"Eglantine\",\"item\":\"https:\/\/www.eglantine-mariages-ceremonies.com\/de\/categorie-produit\/eglantine\/\"},{\"@type\":\"ListItem\",\"position\":3,\"name\":\"Bermudes\"}]},{\"@type\":\"WebSite\",\"@id\":\"https:\/\/www.eglantine-mariages-ceremonies.com\/de\/#website\",\"url\":\"https:\/\/www.eglantine-mariages-ceremonies.com\/de\/\",\"name\":\"\u00c9glantine Mariages C\u00e9r\u00e9monies\",\"description\":\"\",\"publisher\":{\"@id\":\"https:\/\/www.eglantine-mariages-ceremonies.com\/de\/#organization\"},\"potentialAction\":[{\"@type\":\"SearchAction\",\"target\":{\"@type\":\"EntryPoint\",\"urlTemplate\":\"https:\/\/www.eglantine-mariages-ceremonies.com\/de\/?s={search_term_string}\"},\"query-input\":\"required name=search_term_string\"}],\"inLanguage\":\"de\"},{\"@type\":\"Organization\",\"@id\":\"https:\/\/www.eglantine-mariages-ceremonies.com\/de\/#organization\",\"name\":\"\u00c9glantine Mariages C\u00e9r\u00e9monies\",\"url\":\"https:\/\/www.eglantine-mariages-ceremonies.com\/de\/\",\"logo\":{\"@type\":\"ImageObject\",\"inLanguage\":\"de\",\"@id\":\"https:\/\/www.eglantine-mariages-ceremonies.com\/de\/#\/schema\/logo\/image\/\",\"url\":\"https:\/\/www.eglantine-mariages-ceremonies.com\/wp-content\/uploads\/2022\/08\/cropped-logo-eglantine-mariages-et-ceremonies.png\",\"contentUrl\":\"https:\/\/www.eglantine-mariages-ceremonies.com\/wp-content\/uploads\/2022\/08\/cropped-logo-eglantine-mariages-et-ceremonies.png\",\"width\":652,\"height\":220,\"caption\":\"\u00c9glantine Mariages C\u00e9r\u00e9monies\"},\"image\":{\"@id\":\"https:\/\/www.eglantine-mariages-ceremonies.com\/de\/#\/schema\/logo\/image\/\"}}]}<\/script>\n<!-- \/ Yoast SEO plugin. -->","yoast_head_json":{"title":"Bermudes - \u00c9glantine Mariages C\u00e9r\u00e9monies","robots":{"index":"index","follow":"follow","max-snippet":"max-snippet:-1","max-image-preview":"max-image-preview:large","max-video-preview":"max-video-preview:-1"},"canonical":"https:\/\/www.eglantine-mariages-ceremonies.com\/de\/produit\/robe-de-mariee-bermudes\/","og_locale":"de_DE","og_type":"article","og_title":"Bermudes - \u00c9glantine Mariages C\u00e9r\u00e9monies","og_description":"Avec sa jupe en tulle fendue sur le c\u00f4t\u00e9, cette robe de mari\u00e9e boh\u00eame mettra en valeur les jambes tandis que la lingerie s\u2019invite sur bustier c\u0153ur aux fines bretelles. Une robe ravissante et moderne \u00e0 la fois.","og_url":"https:\/\/www.eglantine-mariages-ceremonies.com\/de\/produit\/robe-de-mariee-bermudes\/","og_site_name":"\u00c9glantine Mariages C\u00e9r\u00e9monies","article_modified_time":"2025-12-12T13:10:12+00:00","og_image":[{"width":2668,"height":4000,"url":"https:\/\/www.eglantine-mariages-ceremonies.com\/wp-content\/uploads\/2022\/07\/BERMUDES-2571-1-scaled.jpg","type":"image\/jpeg"}],"twitter_card":"summary_large_image","twitter_misc":{"Gesch\u00e4tzte Lesezeit":"1\u00a0Minute"},"schema":{"@context":"https:\/\/schema.org","@graph":[{"@type":"WebPage","@id":"https:\/\/www.eglantine-mariages-ceremonies.com\/de\/produit\/robe-de-mariee-bermudes\/","url":"https:\/\/www.eglantine-mariages-ceremonies.com\/de\/produit\/robe-de-mariee-bermudes\/","name":"Bermudes - \u00c9glantine Mariages C\u00e9r\u00e9monies","isPartOf":{"@id":"https:\/\/www.eglantine-mariages-ceremonies.com\/de\/#website"},"datePublished":"2025-08-05T08:00:30+00:00","dateModified":"2025-12-12T13:10:12+00:00","breadcrumb":{"@id":"https:\/\/www.eglantine-mariages-ceremonies.com\/de\/produit\/robe-de-mariee-bermudes\/#breadcrumb"},"inLanguage":"de","potentialAction":[{"@type":"ReadAction","target":["https:\/\/www.eglantine-mariages-ceremonies.com\/de\/produit\/robe-de-mariee-bermudes\/"]}]},{"@type":"BreadcrumbList","@id":"https:\/\/www.eglantine-mariages-ceremonies.com\/de\/produit\/robe-de-mariee-bermudes\/#breadcrumb","itemListElement":[{"@type":"ListItem","position":1,"name":"Accueil","item":"https:\/\/www.eglantine-mariages-ceremonies.com\/de\/"},{"@type":"ListItem","position":2,"name":"Eglantine","item":"https:\/\/www.eglantine-mariages-ceremonies.com\/de\/categorie-produit\/eglantine\/"},{"@type":"ListItem","position":3,"name":"Bermudes"}]},{"@type":"WebSite","@id":"https:\/\/www.eglantine-mariages-ceremonies.com\/de\/#website","url":"https:\/\/www.eglantine-mariages-ceremonies.com\/de\/","name":"\u00c9glantine Mariages C\u00e9r\u00e9monies","description":"","publisher":{"@id":"https:\/\/www.eglantine-mariages-ceremonies.com\/de\/#organization"},"potentialAction":[{"@type":"SearchAction","target":{"@type":"EntryPoint","urlTemplate":"https:\/\/www.eglantine-mariages-ceremonies.com\/de\/?s={search_term_string}"},"query-input":"required name=search_term_string"}],"inLanguage":"de"},{"@type":"Organization","@id":"https:\/\/www.eglantine-mariages-ceremonies.com\/de\/#organization","name":"\u00c9glantine Mariages C\u00e9r\u00e9monies","url":"https:\/\/www.eglantine-mariages-ceremonies.com\/de\/","logo":{"@type":"ImageObject","inLanguage":"de","@id":"https:\/\/www.eglantine-mariages-ceremonies.com\/de\/#\/schema\/logo\/image\/","url":"https:\/\/www.eglantine-mariages-ceremonies.com\/wp-content\/uploads\/2022\/08\/cropped-logo-eglantine-mariages-et-ceremonies.png","contentUrl":"https:\/\/www.eglantine-mariages-ceremonies.com\/wp-content\/uploads\/2022\/08\/cropped-logo-eglantine-mariages-et-ceremonies.png","width":652,"height":220,"caption":"\u00c9glantine Mariages C\u00e9r\u00e9monies"},"image":{"@id":"https:\/\/www.eglantine-mariages-ceremonies.com\/de\/#\/schema\/logo\/image\/"}}]}},"_links":{"self":[{"href":"https:\/\/www.eglantine-mariages-ceremonies.com\/de\/wp-json\/wp\/v2\/product\/6104"}],"collection":[{"href":"https:\/\/www.eglantine-mariages-ceremonies.com\/de\/wp-json\/wp\/v2\/product"}],"about":[{"href":"https:\/\/www.eglantine-mariages-ceremonies.com\/de\/wp-json\/wp\/v2\/types\/product"}],"replies":[{"embeddable":true,"href":"https:\/\/www.eglantine-mariages-ceremonies.com\/de\/wp-json\/wp\/v2\/comments?post=6104"}],"wp:featuredmedia":[{"embeddable":true,"href":"https:\/\/www.eglantine-mariages-ceremonies.com\/de\/wp-json\/wp\/v2\/media\/6747"}],"wp:attachment":[{"href":"https:\/\/www.eglantine-mariages-ceremonies.com\/de\/wp-json\/wp\/v2\/media?parent=6104"}],"wp:term":[{"taxonomy":"product_cat","embeddable":true,"href":"https:\/\/www.eglantine-mariages-ceremonies.com\/de\/wp-json\/wp\/v2\/product_cat?post=6104"},{"taxonomy":"product_tag","embeddable":true,"href":"https:\/\/www.eglantine-mariages-ceremonies.com\/de\/wp-json\/wp\/v2\/product_tag?post=6104"}],"curies":[{"name":"wp","href":"https:\/\/api.w.org\/{rel}","templated":true}]}}