{"id":6096,"date":"2025-08-05T10:00:27","date_gmt":"2025-08-05T08:00:27","guid":{"rendered":"https:\/\/www.eglantine-mariages-ceremonies.com\/produit\/begonia\/"},"modified":"2025-12-12T11:40:39","modified_gmt":"2025-12-12T10:40:39","slug":"robe-de-mariee-begonia","status":"publish","type":"product","link":"https:\/\/www.eglantine-mariages-ceremonies.com\/de\/produit\/robe-de-mariee-begonia\/","title":{"rendered":"Begonia"},"content":{"rendered":"<p>Coloris : ivoire. Tailles : du 34 au 70<\/p>\n","protected":false},"excerpt":{"rendered":"<p>Le bustier court et pliss\u00e9 au d\u00e9collet\u00e9 \u00ab Bardot \u00bb allonge le buste et fait le charme de cette robe en satin \u00e0 la ligne nette et sobre. Rehauss\u00e9es de dentelle 3D, les bretelles ajoutent une touche de sophistication pour une allure chic et unique. Voile assorti vendu s\u00e9par\u00e9ment.<\/p>\n","protected":false},"featured_media":6232,"comment_status":"open","ping_status":"closed","template":"","meta":[],"product_cat":[91],"product_tag":[],"acf":[],"yoast_head":"<!-- This site is optimized with the Yoast SEO plugin v20.3 - https:\/\/yoast.com\/wordpress\/plugins\/seo\/ -->\n<title>Begonia - \u00c9glantine Mariages C\u00e9r\u00e9monies<\/title>\n<meta name=\"robots\" content=\"index, follow, max-snippet:-1, max-image-preview:large, max-video-preview:-1\" \/>\n<link rel=\"canonical\" href=\"https:\/\/www.eglantine-mariages-ceremonies.com\/de\/produit\/robe-de-mariee-begonia\/\" \/>\n<meta property=\"og:locale\" content=\"de_DE\" \/>\n<meta property=\"og:type\" content=\"article\" \/>\n<meta property=\"og:title\" content=\"Begonia - \u00c9glantine Mariages C\u00e9r\u00e9monies\" \/>\n<meta property=\"og:description\" content=\"Le bustier court et pliss\u00e9 au d\u00e9collet\u00e9 \u00ab Bardot \u00bb allonge le buste et fait le charme de cette robe en satin \u00e0 la ligne nette et sobre. Rehauss\u00e9es de dentelle 3D, les bretelles ajoutent une touche de sophistication pour une allure chic et unique. Voile assorti vendu s\u00e9par\u00e9ment.\" \/>\n<meta property=\"og:url\" content=\"https:\/\/www.eglantine-mariages-ceremonies.com\/de\/produit\/robe-de-mariee-begonia\/\" \/>\n<meta property=\"og:site_name\" content=\"\u00c9glantine Mariages C\u00e9r\u00e9monies\" \/>\n<meta property=\"article:modified_time\" content=\"2025-12-12T10:40:39+00:00\" \/>\n<meta property=\"og:image\" content=\"https:\/\/www.eglantine-mariages-ceremonies.com\/wp-content\/uploads\/2022\/07\/BEGONIA-3873-scaled.jpg\" \/>\n\t<meta property=\"og:image:width\" content=\"2668\" \/>\n\t<meta property=\"og:image:height\" content=\"4000\" \/>\n\t<meta property=\"og:image:type\" content=\"image\/jpeg\" \/>\n<meta name=\"twitter:card\" content=\"summary_large_image\" \/>\n<meta name=\"twitter:label1\" content=\"Gesch\u00e4tzte Lesezeit\" \/>\n\t<meta name=\"twitter:data1\" content=\"1\u00a0Minute\" \/>\n<script type=\"application\/ld+json\" class=\"yoast-schema-graph\">{\"@context\":\"https:\/\/schema.org\",\"@graph\":[{\"@type\":\"WebPage\",\"@id\":\"https:\/\/www.eglantine-mariages-ceremonies.com\/de\/produit\/robe-de-mariee-begonia\/\",\"url\":\"https:\/\/www.eglantine-mariages-ceremonies.com\/de\/produit\/robe-de-mariee-begonia\/\",\"name\":\"Begonia - \u00c9glantine Mariages C\u00e9r\u00e9monies\",\"isPartOf\":{\"@id\":\"https:\/\/www.eglantine-mariages-ceremonies.com\/de\/#website\"},\"datePublished\":\"2025-08-05T08:00:27+00:00\",\"dateModified\":\"2025-12-12T10:40:39+00:00\",\"breadcrumb\":{\"@id\":\"https:\/\/www.eglantine-mariages-ceremonies.com\/de\/produit\/robe-de-mariee-begonia\/#breadcrumb\"},\"inLanguage\":\"de\",\"potentialAction\":[{\"@type\":\"ReadAction\",\"target\":[\"https:\/\/www.eglantine-mariages-ceremonies.com\/de\/produit\/robe-de-mariee-begonia\/\"]}]},{\"@type\":\"BreadcrumbList\",\"@id\":\"https:\/\/www.eglantine-mariages-ceremonies.com\/de\/produit\/robe-de-mariee-begonia\/#breadcrumb\",\"itemListElement\":[{\"@type\":\"ListItem\",\"position\":1,\"name\":\"Accueil\",\"item\":\"https:\/\/www.eglantine-mariages-ceremonies.com\/de\/\"},{\"@type\":\"ListItem\",\"position\":2,\"name\":\"Eglantine\",\"item\":\"https:\/\/www.eglantine-mariages-ceremonies.com\/de\/categorie-produit\/eglantine\/\"},{\"@type\":\"ListItem\",\"position\":3,\"name\":\"Begonia\"}]},{\"@type\":\"WebSite\",\"@id\":\"https:\/\/www.eglantine-mariages-ceremonies.com\/de\/#website\",\"url\":\"https:\/\/www.eglantine-mariages-ceremonies.com\/de\/\",\"name\":\"\u00c9glantine Mariages C\u00e9r\u00e9monies\",\"description\":\"\",\"publisher\":{\"@id\":\"https:\/\/www.eglantine-mariages-ceremonies.com\/de\/#organization\"},\"potentialAction\":[{\"@type\":\"SearchAction\",\"target\":{\"@type\":\"EntryPoint\",\"urlTemplate\":\"https:\/\/www.eglantine-mariages-ceremonies.com\/de\/?s={search_term_string}\"},\"query-input\":\"required name=search_term_string\"}],\"inLanguage\":\"de\"},{\"@type\":\"Organization\",\"@id\":\"https:\/\/www.eglantine-mariages-ceremonies.com\/de\/#organization\",\"name\":\"\u00c9glantine Mariages C\u00e9r\u00e9monies\",\"url\":\"https:\/\/www.eglantine-mariages-ceremonies.com\/de\/\",\"logo\":{\"@type\":\"ImageObject\",\"inLanguage\":\"de\",\"@id\":\"https:\/\/www.eglantine-mariages-ceremonies.com\/de\/#\/schema\/logo\/image\/\",\"url\":\"https:\/\/www.eglantine-mariages-ceremonies.com\/wp-content\/uploads\/2022\/08\/cropped-logo-eglantine-mariages-et-ceremonies.png\",\"contentUrl\":\"https:\/\/www.eglantine-mariages-ceremonies.com\/wp-content\/uploads\/2022\/08\/cropped-logo-eglantine-mariages-et-ceremonies.png\",\"width\":652,\"height\":220,\"caption\":\"\u00c9glantine Mariages C\u00e9r\u00e9monies\"},\"image\":{\"@id\":\"https:\/\/www.eglantine-mariages-ceremonies.com\/de\/#\/schema\/logo\/image\/\"}}]}<\/script>\n<!-- \/ Yoast SEO plugin. -->","yoast_head_json":{"title":"Begonia - \u00c9glantine Mariages C\u00e9r\u00e9monies","robots":{"index":"index","follow":"follow","max-snippet":"max-snippet:-1","max-image-preview":"max-image-preview:large","max-video-preview":"max-video-preview:-1"},"canonical":"https:\/\/www.eglantine-mariages-ceremonies.com\/de\/produit\/robe-de-mariee-begonia\/","og_locale":"de_DE","og_type":"article","og_title":"Begonia - \u00c9glantine Mariages C\u00e9r\u00e9monies","og_description":"Le bustier court et pliss\u00e9 au d\u00e9collet\u00e9 \u00ab Bardot \u00bb allonge le buste et fait le charme de cette robe en satin \u00e0 la ligne nette et sobre. Rehauss\u00e9es de dentelle 3D, les bretelles ajoutent une touche de sophistication pour une allure chic et unique. Voile assorti vendu s\u00e9par\u00e9ment.","og_url":"https:\/\/www.eglantine-mariages-ceremonies.com\/de\/produit\/robe-de-mariee-begonia\/","og_site_name":"\u00c9glantine Mariages C\u00e9r\u00e9monies","article_modified_time":"2025-12-12T10:40:39+00:00","og_image":[{"width":2668,"height":4000,"url":"https:\/\/www.eglantine-mariages-ceremonies.com\/wp-content\/uploads\/2022\/07\/BEGONIA-3873-scaled.jpg","type":"image\/jpeg"}],"twitter_card":"summary_large_image","twitter_misc":{"Gesch\u00e4tzte Lesezeit":"1\u00a0Minute"},"schema":{"@context":"https:\/\/schema.org","@graph":[{"@type":"WebPage","@id":"https:\/\/www.eglantine-mariages-ceremonies.com\/de\/produit\/robe-de-mariee-begonia\/","url":"https:\/\/www.eglantine-mariages-ceremonies.com\/de\/produit\/robe-de-mariee-begonia\/","name":"Begonia - \u00c9glantine Mariages C\u00e9r\u00e9monies","isPartOf":{"@id":"https:\/\/www.eglantine-mariages-ceremonies.com\/de\/#website"},"datePublished":"2025-08-05T08:00:27+00:00","dateModified":"2025-12-12T10:40:39+00:00","breadcrumb":{"@id":"https:\/\/www.eglantine-mariages-ceremonies.com\/de\/produit\/robe-de-mariee-begonia\/#breadcrumb"},"inLanguage":"de","potentialAction":[{"@type":"ReadAction","target":["https:\/\/www.eglantine-mariages-ceremonies.com\/de\/produit\/robe-de-mariee-begonia\/"]}]},{"@type":"BreadcrumbList","@id":"https:\/\/www.eglantine-mariages-ceremonies.com\/de\/produit\/robe-de-mariee-begonia\/#breadcrumb","itemListElement":[{"@type":"ListItem","position":1,"name":"Accueil","item":"https:\/\/www.eglantine-mariages-ceremonies.com\/de\/"},{"@type":"ListItem","position":2,"name":"Eglantine","item":"https:\/\/www.eglantine-mariages-ceremonies.com\/de\/categorie-produit\/eglantine\/"},{"@type":"ListItem","position":3,"name":"Begonia"}]},{"@type":"WebSite","@id":"https:\/\/www.eglantine-mariages-ceremonies.com\/de\/#website","url":"https:\/\/www.eglantine-mariages-ceremonies.com\/de\/","name":"\u00c9glantine Mariages C\u00e9r\u00e9monies","description":"","publisher":{"@id":"https:\/\/www.eglantine-mariages-ceremonies.com\/de\/#organization"},"potentialAction":[{"@type":"SearchAction","target":{"@type":"EntryPoint","urlTemplate":"https:\/\/www.eglantine-mariages-ceremonies.com\/de\/?s={search_term_string}"},"query-input":"required name=search_term_string"}],"inLanguage":"de"},{"@type":"Organization","@id":"https:\/\/www.eglantine-mariages-ceremonies.com\/de\/#organization","name":"\u00c9glantine Mariages C\u00e9r\u00e9monies","url":"https:\/\/www.eglantine-mariages-ceremonies.com\/de\/","logo":{"@type":"ImageObject","inLanguage":"de","@id":"https:\/\/www.eglantine-mariages-ceremonies.com\/de\/#\/schema\/logo\/image\/","url":"https:\/\/www.eglantine-mariages-ceremonies.com\/wp-content\/uploads\/2022\/08\/cropped-logo-eglantine-mariages-et-ceremonies.png","contentUrl":"https:\/\/www.eglantine-mariages-ceremonies.com\/wp-content\/uploads\/2022\/08\/cropped-logo-eglantine-mariages-et-ceremonies.png","width":652,"height":220,"caption":"\u00c9glantine Mariages C\u00e9r\u00e9monies"},"image":{"@id":"https:\/\/www.eglantine-mariages-ceremonies.com\/de\/#\/schema\/logo\/image\/"}}]}},"_links":{"self":[{"href":"https:\/\/www.eglantine-mariages-ceremonies.com\/de\/wp-json\/wp\/v2\/product\/6096"}],"collection":[{"href":"https:\/\/www.eglantine-mariages-ceremonies.com\/de\/wp-json\/wp\/v2\/product"}],"about":[{"href":"https:\/\/www.eglantine-mariages-ceremonies.com\/de\/wp-json\/wp\/v2\/types\/product"}],"replies":[{"embeddable":true,"href":"https:\/\/www.eglantine-mariages-ceremonies.com\/de\/wp-json\/wp\/v2\/comments?post=6096"}],"wp:featuredmedia":[{"embeddable":true,"href":"https:\/\/www.eglantine-mariages-ceremonies.com\/de\/wp-json\/wp\/v2\/media\/6232"}],"wp:attachment":[{"href":"https:\/\/www.eglantine-mariages-ceremonies.com\/de\/wp-json\/wp\/v2\/media?parent=6096"}],"wp:term":[{"taxonomy":"product_cat","embeddable":true,"href":"https:\/\/www.eglantine-mariages-ceremonies.com\/de\/wp-json\/wp\/v2\/product_cat?post=6096"},{"taxonomy":"product_tag","embeddable":true,"href":"https:\/\/www.eglantine-mariages-ceremonies.com\/de\/wp-json\/wp\/v2\/product_tag?post=6096"}],"curies":[{"name":"wp","href":"https:\/\/api.w.org\/{rel}","templated":true}]}}