{"id":5404,"date":"2024-07-30T11:19:17","date_gmt":"2024-07-30T09:19:17","guid":{"rendered":"https:\/\/www.eglantine-mariages-ceremonies.com\/?post_type=product&#038;p=5404"},"modified":"2024-08-28T14:15:32","modified_gmt":"2024-08-28T12:15:32","slug":"frederic","status":"publish","type":"product","link":"https:\/\/www.eglantine-mariages-ceremonies.com\/de\/produit\/frederic\/","title":{"rendered":"Fr\u00e9d\u00e9ric"},"content":{"rendered":"<p style=\"margin: 0cm;\"><span style=\"font-size: 11.0pt; font-family: 'Dubai',sans-serif;\"><strong>Un costume 3 pi\u00e8ces \u00e0 la coupe moderne fit.<\/strong> La veste droite \u00e0 2 boutons et doublure fleurie, le pantalon \u00e0 poches italiennes et le gilet crois\u00e9 au tissage \u00ab\u00a0so british\u00a0\u00bb s\u2019accordent \u00e0 merveille. On aime le coloris vieux rose tr\u00e8s actuel et la mati\u00e8re en lien et polyester agr\u00e9able \u00e0 porter tout au long de la journ\u00e9e.<\/span><\/p>\n","protected":false},"excerpt":{"rendered":"<p>Un costume 3 pi\u00e8ces \u00e0 la coupe moderne fit. La veste droite \u00e0 2 boutons et doublure fleurie, le pantalon \u00e0 poches italiennes et le gilet crois\u00e9 au tissage \u00ab\u00a0so british\u00a0\u00bb s\u2019accordent \u00e0 merveille. On aime le coloris vieux rose tr\u00e8s actuel et la mati\u00e8re en lien et polyester agr\u00e9able \u00e0 porter tout au long [&hellip;]<\/p>\n","protected":false},"featured_media":5346,"comment_status":"closed","ping_status":"closed","template":"","meta":[],"product_cat":[519],"product_tag":[],"acf":[],"yoast_head":"<!-- This site is optimized with the Yoast SEO plugin v20.3 - https:\/\/yoast.com\/wordpress\/plugins\/seo\/ -->\n<title>Fr\u00e9d\u00e9ric - \u00c9glantine Mariages C\u00e9r\u00e9monies<\/title>\n<meta name=\"description\" content=\"Craquez pour ce costume 3 pi\u00e8ces moderne en vieux rose, alliant \u00e9l\u00e9gance et confort. Veste \u00e0 doublure fleurie, pantalon poches italiennes et gilet crois\u00e9 \u00ab\u00a0so british\u00a0\u00bb. Id\u00e9al pour un look tendance et agr\u00e9able \u00e0 porter.\" \/>\n<meta name=\"robots\" content=\"index, follow, max-snippet:-1, max-image-preview:large, max-video-preview:-1\" \/>\n<link rel=\"canonical\" href=\"https:\/\/www.eglantine-mariages-ceremonies.com\/de\/produit\/frederic\/\" \/>\n<meta property=\"og:locale\" content=\"de_DE\" \/>\n<meta property=\"og:type\" content=\"article\" \/>\n<meta property=\"og:title\" content=\"Fr\u00e9d\u00e9ric - \u00c9glantine Mariages C\u00e9r\u00e9monies\" \/>\n<meta property=\"og:description\" content=\"Craquez pour ce costume 3 pi\u00e8ces moderne en vieux rose, alliant \u00e9l\u00e9gance et confort. Veste \u00e0 doublure fleurie, pantalon poches italiennes et gilet crois\u00e9 \u00ab\u00a0so british\u00a0\u00bb. Id\u00e9al pour un look tendance et agr\u00e9able \u00e0 porter.\" \/>\n<meta property=\"og:url\" content=\"https:\/\/www.eglantine-mariages-ceremonies.com\/de\/produit\/frederic\/\" \/>\n<meta property=\"og:site_name\" content=\"\u00c9glantine Mariages C\u00e9r\u00e9monies\" \/>\n<meta property=\"article:modified_time\" content=\"2024-08-28T12:15:32+00:00\" \/>\n<meta property=\"og:image\" content=\"https:\/\/www.eglantine-mariages-ceremonies.com\/wp-content\/uploads\/2022\/07\/FREDERIC_47A6974.jpg\" \/>\n\t<meta property=\"og:image:width\" content=\"1600\" \/>\n\t<meta property=\"og:image:height\" content=\"2400\" \/>\n\t<meta property=\"og:image:type\" content=\"image\/jpeg\" \/>\n<meta name=\"twitter:card\" content=\"summary_large_image\" \/>\n<meta name=\"twitter:label1\" content=\"Gesch\u00e4tzte Lesezeit\" \/>\n\t<meta name=\"twitter:data1\" content=\"1\u00a0Minute\" \/>\n<script type=\"application\/ld+json\" class=\"yoast-schema-graph\">{\"@context\":\"https:\/\/schema.org\",\"@graph\":[{\"@type\":\"WebPage\",\"@id\":\"https:\/\/www.eglantine-mariages-ceremonies.com\/de\/produit\/frederic\/\",\"url\":\"https:\/\/www.eglantine-mariages-ceremonies.com\/de\/produit\/frederic\/\",\"name\":\"Fr\u00e9d\u00e9ric - \u00c9glantine Mariages C\u00e9r\u00e9monies\",\"isPartOf\":{\"@id\":\"https:\/\/www.eglantine-mariages-ceremonies.com\/de\/#website\"},\"datePublished\":\"2024-07-30T09:19:17+00:00\",\"dateModified\":\"2024-08-28T12:15:32+00:00\",\"description\":\"Craquez pour ce costume 3 pi\u00e8ces moderne en vieux rose, alliant \u00e9l\u00e9gance et confort. Veste \u00e0 doublure fleurie, pantalon poches italiennes et gilet crois\u00e9 \u00ab\u00a0so british\u00a0\u00bb. Id\u00e9al pour un look tendance et agr\u00e9able \u00e0 porter.\",\"breadcrumb\":{\"@id\":\"https:\/\/www.eglantine-mariages-ceremonies.com\/de\/produit\/frederic\/#breadcrumb\"},\"inLanguage\":\"de\",\"potentialAction\":[{\"@type\":\"ReadAction\",\"target\":[\"https:\/\/www.eglantine-mariages-ceremonies.com\/de\/produit\/frederic\/\"]}]},{\"@type\":\"BreadcrumbList\",\"@id\":\"https:\/\/www.eglantine-mariages-ceremonies.com\/de\/produit\/frederic\/#breadcrumb\",\"itemListElement\":[{\"@type\":\"ListItem\",\"position\":1,\"name\":\"Accueil\",\"item\":\"https:\/\/www.eglantine-mariages-ceremonies.com\/de\/\"},{\"@type\":\"ListItem\",\"position\":2,\"name\":\"Costumes\",\"item\":\"https:\/\/www.eglantine-mariages-ceremonies.com\/de\/categorie-produit\/costume\/\"},{\"@type\":\"ListItem\",\"position\":3,\"name\":\"Fr\u00e9d\u00e9ric\"}]},{\"@type\":\"WebSite\",\"@id\":\"https:\/\/www.eglantine-mariages-ceremonies.com\/de\/#website\",\"url\":\"https:\/\/www.eglantine-mariages-ceremonies.com\/de\/\",\"name\":\"\u00c9glantine Mariages C\u00e9r\u00e9monies\",\"description\":\"\",\"publisher\":{\"@id\":\"https:\/\/www.eglantine-mariages-ceremonies.com\/de\/#organization\"},\"potentialAction\":[{\"@type\":\"SearchAction\",\"target\":{\"@type\":\"EntryPoint\",\"urlTemplate\":\"https:\/\/www.eglantine-mariages-ceremonies.com\/de\/?s={search_term_string}\"},\"query-input\":\"required name=search_term_string\"}],\"inLanguage\":\"de\"},{\"@type\":\"Organization\",\"@id\":\"https:\/\/www.eglantine-mariages-ceremonies.com\/de\/#organization\",\"name\":\"\u00c9glantine Mariages C\u00e9r\u00e9monies\",\"url\":\"https:\/\/www.eglantine-mariages-ceremonies.com\/de\/\",\"logo\":{\"@type\":\"ImageObject\",\"inLanguage\":\"de\",\"@id\":\"https:\/\/www.eglantine-mariages-ceremonies.com\/de\/#\/schema\/logo\/image\/\",\"url\":\"https:\/\/www.eglantine-mariages-ceremonies.com\/wp-content\/uploads\/2022\/08\/cropped-logo-eglantine-mariages-et-ceremonies.png\",\"contentUrl\":\"https:\/\/www.eglantine-mariages-ceremonies.com\/wp-content\/uploads\/2022\/08\/cropped-logo-eglantine-mariages-et-ceremonies.png\",\"width\":652,\"height\":220,\"caption\":\"\u00c9glantine Mariages C\u00e9r\u00e9monies\"},\"image\":{\"@id\":\"https:\/\/www.eglantine-mariages-ceremonies.com\/de\/#\/schema\/logo\/image\/\"}}]}<\/script>\n<!-- \/ Yoast SEO plugin. -->","yoast_head_json":{"title":"Fr\u00e9d\u00e9ric - \u00c9glantine Mariages C\u00e9r\u00e9monies","description":"Craquez pour ce costume 3 pi\u00e8ces moderne en vieux rose, alliant \u00e9l\u00e9gance et confort. Veste \u00e0 doublure fleurie, pantalon poches italiennes et gilet crois\u00e9 \u00ab\u00a0so british\u00a0\u00bb. Id\u00e9al pour un look tendance et agr\u00e9able \u00e0 porter.","robots":{"index":"index","follow":"follow","max-snippet":"max-snippet:-1","max-image-preview":"max-image-preview:large","max-video-preview":"max-video-preview:-1"},"canonical":"https:\/\/www.eglantine-mariages-ceremonies.com\/de\/produit\/frederic\/","og_locale":"de_DE","og_type":"article","og_title":"Fr\u00e9d\u00e9ric - \u00c9glantine Mariages C\u00e9r\u00e9monies","og_description":"Craquez pour ce costume 3 pi\u00e8ces moderne en vieux rose, alliant \u00e9l\u00e9gance et confort. Veste \u00e0 doublure fleurie, pantalon poches italiennes et gilet crois\u00e9 \u00ab\u00a0so british\u00a0\u00bb. Id\u00e9al pour un look tendance et agr\u00e9able \u00e0 porter.","og_url":"https:\/\/www.eglantine-mariages-ceremonies.com\/de\/produit\/frederic\/","og_site_name":"\u00c9glantine Mariages C\u00e9r\u00e9monies","article_modified_time":"2024-08-28T12:15:32+00:00","og_image":[{"width":1600,"height":2400,"url":"https:\/\/www.eglantine-mariages-ceremonies.com\/wp-content\/uploads\/2022\/07\/FREDERIC_47A6974.jpg","type":"image\/jpeg"}],"twitter_card":"summary_large_image","twitter_misc":{"Gesch\u00e4tzte Lesezeit":"1\u00a0Minute"},"schema":{"@context":"https:\/\/schema.org","@graph":[{"@type":"WebPage","@id":"https:\/\/www.eglantine-mariages-ceremonies.com\/de\/produit\/frederic\/","url":"https:\/\/www.eglantine-mariages-ceremonies.com\/de\/produit\/frederic\/","name":"Fr\u00e9d\u00e9ric - \u00c9glantine Mariages C\u00e9r\u00e9monies","isPartOf":{"@id":"https:\/\/www.eglantine-mariages-ceremonies.com\/de\/#website"},"datePublished":"2024-07-30T09:19:17+00:00","dateModified":"2024-08-28T12:15:32+00:00","description":"Craquez pour ce costume 3 pi\u00e8ces moderne en vieux rose, alliant \u00e9l\u00e9gance et confort. Veste \u00e0 doublure fleurie, pantalon poches italiennes et gilet crois\u00e9 \u00ab\u00a0so british\u00a0\u00bb. Id\u00e9al pour un look tendance et agr\u00e9able \u00e0 porter.","breadcrumb":{"@id":"https:\/\/www.eglantine-mariages-ceremonies.com\/de\/produit\/frederic\/#breadcrumb"},"inLanguage":"de","potentialAction":[{"@type":"ReadAction","target":["https:\/\/www.eglantine-mariages-ceremonies.com\/de\/produit\/frederic\/"]}]},{"@type":"BreadcrumbList","@id":"https:\/\/www.eglantine-mariages-ceremonies.com\/de\/produit\/frederic\/#breadcrumb","itemListElement":[{"@type":"ListItem","position":1,"name":"Accueil","item":"https:\/\/www.eglantine-mariages-ceremonies.com\/de\/"},{"@type":"ListItem","position":2,"name":"Costumes","item":"https:\/\/www.eglantine-mariages-ceremonies.com\/de\/categorie-produit\/costume\/"},{"@type":"ListItem","position":3,"name":"Fr\u00e9d\u00e9ric"}]},{"@type":"WebSite","@id":"https:\/\/www.eglantine-mariages-ceremonies.com\/de\/#website","url":"https:\/\/www.eglantine-mariages-ceremonies.com\/de\/","name":"\u00c9glantine Mariages C\u00e9r\u00e9monies","description":"","publisher":{"@id":"https:\/\/www.eglantine-mariages-ceremonies.com\/de\/#organization"},"potentialAction":[{"@type":"SearchAction","target":{"@type":"EntryPoint","urlTemplate":"https:\/\/www.eglantine-mariages-ceremonies.com\/de\/?s={search_term_string}"},"query-input":"required name=search_term_string"}],"inLanguage":"de"},{"@type":"Organization","@id":"https:\/\/www.eglantine-mariages-ceremonies.com\/de\/#organization","name":"\u00c9glantine Mariages C\u00e9r\u00e9monies","url":"https:\/\/www.eglantine-mariages-ceremonies.com\/de\/","logo":{"@type":"ImageObject","inLanguage":"de","@id":"https:\/\/www.eglantine-mariages-ceremonies.com\/de\/#\/schema\/logo\/image\/","url":"https:\/\/www.eglantine-mariages-ceremonies.com\/wp-content\/uploads\/2022\/08\/cropped-logo-eglantine-mariages-et-ceremonies.png","contentUrl":"https:\/\/www.eglantine-mariages-ceremonies.com\/wp-content\/uploads\/2022\/08\/cropped-logo-eglantine-mariages-et-ceremonies.png","width":652,"height":220,"caption":"\u00c9glantine Mariages C\u00e9r\u00e9monies"},"image":{"@id":"https:\/\/www.eglantine-mariages-ceremonies.com\/de\/#\/schema\/logo\/image\/"}}]}},"_links":{"self":[{"href":"https:\/\/www.eglantine-mariages-ceremonies.com\/de\/wp-json\/wp\/v2\/product\/5404"}],"collection":[{"href":"https:\/\/www.eglantine-mariages-ceremonies.com\/de\/wp-json\/wp\/v2\/product"}],"about":[{"href":"https:\/\/www.eglantine-mariages-ceremonies.com\/de\/wp-json\/wp\/v2\/types\/product"}],"replies":[{"embeddable":true,"href":"https:\/\/www.eglantine-mariages-ceremonies.com\/de\/wp-json\/wp\/v2\/comments?post=5404"}],"wp:featuredmedia":[{"embeddable":true,"href":"https:\/\/www.eglantine-mariages-ceremonies.com\/de\/wp-json\/wp\/v2\/media\/5346"}],"wp:attachment":[{"href":"https:\/\/www.eglantine-mariages-ceremonies.com\/de\/wp-json\/wp\/v2\/media?parent=5404"}],"wp:term":[{"taxonomy":"product_cat","embeddable":true,"href":"https:\/\/www.eglantine-mariages-ceremonies.com\/de\/wp-json\/wp\/v2\/product_cat?post=5404"},{"taxonomy":"product_tag","embeddable":true,"href":"https:\/\/www.eglantine-mariages-ceremonies.com\/de\/wp-json\/wp\/v2\/product_tag?post=5404"}],"curies":[{"name":"wp","href":"https:\/\/api.w.org\/{rel}","templated":true}]}}