{"id":5396,"date":"2024-07-30T11:11:57","date_gmt":"2024-07-30T09:11:57","guid":{"rendered":"https:\/\/www.eglantine-mariages-ceremonies.com\/?post_type=product&#038;p=5396"},"modified":"2025-01-29T08:58:29","modified_gmt":"2025-01-29T07:58:29","slug":"felix","status":"publish","type":"product","link":"https:\/\/www.eglantine-mariages-ceremonies.com\/de\/produit\/felix\/","title":{"rendered":"F\u00e9lix"},"content":{"rendered":"<p><strong>Un costume 3 pi\u00e8ces \u00e0 la coupe sobre et flatteuse.<\/strong> En beige ou en bleu marine, il se compl\u00e8te d\u2019un gilet pour une allure \u00e0 la fois \u00e9l\u00e9gante et d\u00e9contract\u00e9e. Avec son style intemporel, F\u00e9lix s\u2019invitera facilement dans votre vestiaire.<\/p>\n","protected":false},"excerpt":{"rendered":"<p>Un costume 3 pi\u00e8ces \u00e0 la coupe sobre et flatteuse. En beige ou en bleu marine, il se compl\u00e8te d\u2019un gilet pour une allure \u00e0 la fois \u00e9l\u00e9gante et d\u00e9contract\u00e9e. Avec son style intemporel, F\u00e9lix s\u2019invitera facilement dans votre vestiaire.<\/p>\n","protected":false},"featured_media":5319,"comment_status":"closed","ping_status":"closed","template":"","meta":[],"product_cat":[519],"product_tag":[],"acf":[],"yoast_head":"<!-- This site is optimized with the Yoast SEO plugin v20.3 - https:\/\/yoast.com\/wordpress\/plugins\/seo\/ -->\n<title>F\u00e9lix - \u00c9glantine Mariages C\u00e9r\u00e9monies<\/title>\n<meta name=\"description\" content=\"Adoptez l&#039;\u00e9l\u00e9gance intemporelle du costume 3 pi\u00e8ces F\u00e9lix. Disponible en beige ou bleu marine, il allie sobri\u00e9t\u00e9 et style d\u00e9contract\u00e9 avec son gilet. Parfait pour un look chic et polyvalent.\" \/>\n<meta name=\"robots\" content=\"index, follow, max-snippet:-1, max-image-preview:large, max-video-preview:-1\" \/>\n<link rel=\"canonical\" href=\"https:\/\/www.eglantine-mariages-ceremonies.com\/de\/produit\/felix\/\" \/>\n<meta property=\"og:locale\" content=\"de_DE\" \/>\n<meta property=\"og:type\" content=\"article\" \/>\n<meta property=\"og:title\" content=\"F\u00e9lix - \u00c9glantine Mariages C\u00e9r\u00e9monies\" \/>\n<meta property=\"og:description\" content=\"Adoptez l&#039;\u00e9l\u00e9gance intemporelle du costume 3 pi\u00e8ces F\u00e9lix. Disponible en beige ou bleu marine, il allie sobri\u00e9t\u00e9 et style d\u00e9contract\u00e9 avec son gilet. Parfait pour un look chic et polyvalent.\" \/>\n<meta property=\"og:url\" content=\"https:\/\/www.eglantine-mariages-ceremonies.com\/de\/produit\/felix\/\" \/>\n<meta property=\"og:site_name\" content=\"\u00c9glantine Mariages C\u00e9r\u00e9monies\" \/>\n<meta property=\"article:modified_time\" content=\"2025-01-29T07:58:29+00:00\" \/>\n<meta property=\"og:image\" content=\"https:\/\/www.eglantine-mariages-ceremonies.com\/wp-content\/uploads\/2022\/07\/FELIX_08A3117.jpg\" \/>\n\t<meta property=\"og:image:width\" content=\"2186\" \/>\n\t<meta property=\"og:image:height\" content=\"3277\" \/>\n\t<meta property=\"og:image:type\" content=\"image\/jpeg\" \/>\n<meta name=\"twitter:card\" content=\"summary_large_image\" \/>\n<meta name=\"twitter:label1\" content=\"Gesch\u00e4tzte Lesezeit\" \/>\n\t<meta name=\"twitter:data1\" content=\"1\u00a0Minute\" \/>\n<script type=\"application\/ld+json\" class=\"yoast-schema-graph\">{\"@context\":\"https:\/\/schema.org\",\"@graph\":[{\"@type\":\"WebPage\",\"@id\":\"https:\/\/www.eglantine-mariages-ceremonies.com\/de\/produit\/felix\/\",\"url\":\"https:\/\/www.eglantine-mariages-ceremonies.com\/de\/produit\/felix\/\",\"name\":\"F\u00e9lix - \u00c9glantine Mariages C\u00e9r\u00e9monies\",\"isPartOf\":{\"@id\":\"https:\/\/www.eglantine-mariages-ceremonies.com\/de\/#website\"},\"datePublished\":\"2024-07-30T09:11:57+00:00\",\"dateModified\":\"2025-01-29T07:58:29+00:00\",\"description\":\"Adoptez l'\u00e9l\u00e9gance intemporelle du costume 3 pi\u00e8ces F\u00e9lix. Disponible en beige ou bleu marine, il allie sobri\u00e9t\u00e9 et style d\u00e9contract\u00e9 avec son gilet. Parfait pour un look chic et polyvalent.\",\"breadcrumb\":{\"@id\":\"https:\/\/www.eglantine-mariages-ceremonies.com\/de\/produit\/felix\/#breadcrumb\"},\"inLanguage\":\"de\",\"potentialAction\":[{\"@type\":\"ReadAction\",\"target\":[\"https:\/\/www.eglantine-mariages-ceremonies.com\/de\/produit\/felix\/\"]}]},{\"@type\":\"BreadcrumbList\",\"@id\":\"https:\/\/www.eglantine-mariages-ceremonies.com\/de\/produit\/felix\/#breadcrumb\",\"itemListElement\":[{\"@type\":\"ListItem\",\"position\":1,\"name\":\"Accueil\",\"item\":\"https:\/\/www.eglantine-mariages-ceremonies.com\/de\/\"},{\"@type\":\"ListItem\",\"position\":2,\"name\":\"Costumes\",\"item\":\"https:\/\/www.eglantine-mariages-ceremonies.com\/de\/categorie-produit\/costume\/\"},{\"@type\":\"ListItem\",\"position\":3,\"name\":\"F\u00e9lix\"}]},{\"@type\":\"WebSite\",\"@id\":\"https:\/\/www.eglantine-mariages-ceremonies.com\/de\/#website\",\"url\":\"https:\/\/www.eglantine-mariages-ceremonies.com\/de\/\",\"name\":\"\u00c9glantine Mariages C\u00e9r\u00e9monies\",\"description\":\"\",\"publisher\":{\"@id\":\"https:\/\/www.eglantine-mariages-ceremonies.com\/de\/#organization\"},\"potentialAction\":[{\"@type\":\"SearchAction\",\"target\":{\"@type\":\"EntryPoint\",\"urlTemplate\":\"https:\/\/www.eglantine-mariages-ceremonies.com\/de\/?s={search_term_string}\"},\"query-input\":\"required name=search_term_string\"}],\"inLanguage\":\"de\"},{\"@type\":\"Organization\",\"@id\":\"https:\/\/www.eglantine-mariages-ceremonies.com\/de\/#organization\",\"name\":\"\u00c9glantine Mariages C\u00e9r\u00e9monies\",\"url\":\"https:\/\/www.eglantine-mariages-ceremonies.com\/de\/\",\"logo\":{\"@type\":\"ImageObject\",\"inLanguage\":\"de\",\"@id\":\"https:\/\/www.eglantine-mariages-ceremonies.com\/de\/#\/schema\/logo\/image\/\",\"url\":\"https:\/\/www.eglantine-mariages-ceremonies.com\/wp-content\/uploads\/2022\/08\/cropped-logo-eglantine-mariages-et-ceremonies.png\",\"contentUrl\":\"https:\/\/www.eglantine-mariages-ceremonies.com\/wp-content\/uploads\/2022\/08\/cropped-logo-eglantine-mariages-et-ceremonies.png\",\"width\":652,\"height\":220,\"caption\":\"\u00c9glantine Mariages C\u00e9r\u00e9monies\"},\"image\":{\"@id\":\"https:\/\/www.eglantine-mariages-ceremonies.com\/de\/#\/schema\/logo\/image\/\"}}]}<\/script>\n<!-- \/ Yoast SEO plugin. -->","yoast_head_json":{"title":"F\u00e9lix - \u00c9glantine Mariages C\u00e9r\u00e9monies","description":"Adoptez l'\u00e9l\u00e9gance intemporelle du costume 3 pi\u00e8ces F\u00e9lix. Disponible en beige ou bleu marine, il allie sobri\u00e9t\u00e9 et style d\u00e9contract\u00e9 avec son gilet. Parfait pour un look chic et polyvalent.","robots":{"index":"index","follow":"follow","max-snippet":"max-snippet:-1","max-image-preview":"max-image-preview:large","max-video-preview":"max-video-preview:-1"},"canonical":"https:\/\/www.eglantine-mariages-ceremonies.com\/de\/produit\/felix\/","og_locale":"de_DE","og_type":"article","og_title":"F\u00e9lix - \u00c9glantine Mariages C\u00e9r\u00e9monies","og_description":"Adoptez l'\u00e9l\u00e9gance intemporelle du costume 3 pi\u00e8ces F\u00e9lix. Disponible en beige ou bleu marine, il allie sobri\u00e9t\u00e9 et style d\u00e9contract\u00e9 avec son gilet. Parfait pour un look chic et polyvalent.","og_url":"https:\/\/www.eglantine-mariages-ceremonies.com\/de\/produit\/felix\/","og_site_name":"\u00c9glantine Mariages C\u00e9r\u00e9monies","article_modified_time":"2025-01-29T07:58:29+00:00","og_image":[{"width":2186,"height":3277,"url":"https:\/\/www.eglantine-mariages-ceremonies.com\/wp-content\/uploads\/2022\/07\/FELIX_08A3117.jpg","type":"image\/jpeg"}],"twitter_card":"summary_large_image","twitter_misc":{"Gesch\u00e4tzte Lesezeit":"1\u00a0Minute"},"schema":{"@context":"https:\/\/schema.org","@graph":[{"@type":"WebPage","@id":"https:\/\/www.eglantine-mariages-ceremonies.com\/de\/produit\/felix\/","url":"https:\/\/www.eglantine-mariages-ceremonies.com\/de\/produit\/felix\/","name":"F\u00e9lix - \u00c9glantine Mariages C\u00e9r\u00e9monies","isPartOf":{"@id":"https:\/\/www.eglantine-mariages-ceremonies.com\/de\/#website"},"datePublished":"2024-07-30T09:11:57+00:00","dateModified":"2025-01-29T07:58:29+00:00","description":"Adoptez l'\u00e9l\u00e9gance intemporelle du costume 3 pi\u00e8ces F\u00e9lix. Disponible en beige ou bleu marine, il allie sobri\u00e9t\u00e9 et style d\u00e9contract\u00e9 avec son gilet. Parfait pour un look chic et polyvalent.","breadcrumb":{"@id":"https:\/\/www.eglantine-mariages-ceremonies.com\/de\/produit\/felix\/#breadcrumb"},"inLanguage":"de","potentialAction":[{"@type":"ReadAction","target":["https:\/\/www.eglantine-mariages-ceremonies.com\/de\/produit\/felix\/"]}]},{"@type":"BreadcrumbList","@id":"https:\/\/www.eglantine-mariages-ceremonies.com\/de\/produit\/felix\/#breadcrumb","itemListElement":[{"@type":"ListItem","position":1,"name":"Accueil","item":"https:\/\/www.eglantine-mariages-ceremonies.com\/de\/"},{"@type":"ListItem","position":2,"name":"Costumes","item":"https:\/\/www.eglantine-mariages-ceremonies.com\/de\/categorie-produit\/costume\/"},{"@type":"ListItem","position":3,"name":"F\u00e9lix"}]},{"@type":"WebSite","@id":"https:\/\/www.eglantine-mariages-ceremonies.com\/de\/#website","url":"https:\/\/www.eglantine-mariages-ceremonies.com\/de\/","name":"\u00c9glantine Mariages C\u00e9r\u00e9monies","description":"","publisher":{"@id":"https:\/\/www.eglantine-mariages-ceremonies.com\/de\/#organization"},"potentialAction":[{"@type":"SearchAction","target":{"@type":"EntryPoint","urlTemplate":"https:\/\/www.eglantine-mariages-ceremonies.com\/de\/?s={search_term_string}"},"query-input":"required name=search_term_string"}],"inLanguage":"de"},{"@type":"Organization","@id":"https:\/\/www.eglantine-mariages-ceremonies.com\/de\/#organization","name":"\u00c9glantine Mariages C\u00e9r\u00e9monies","url":"https:\/\/www.eglantine-mariages-ceremonies.com\/de\/","logo":{"@type":"ImageObject","inLanguage":"de","@id":"https:\/\/www.eglantine-mariages-ceremonies.com\/de\/#\/schema\/logo\/image\/","url":"https:\/\/www.eglantine-mariages-ceremonies.com\/wp-content\/uploads\/2022\/08\/cropped-logo-eglantine-mariages-et-ceremonies.png","contentUrl":"https:\/\/www.eglantine-mariages-ceremonies.com\/wp-content\/uploads\/2022\/08\/cropped-logo-eglantine-mariages-et-ceremonies.png","width":652,"height":220,"caption":"\u00c9glantine Mariages C\u00e9r\u00e9monies"},"image":{"@id":"https:\/\/www.eglantine-mariages-ceremonies.com\/de\/#\/schema\/logo\/image\/"}}]}},"_links":{"self":[{"href":"https:\/\/www.eglantine-mariages-ceremonies.com\/de\/wp-json\/wp\/v2\/product\/5396"}],"collection":[{"href":"https:\/\/www.eglantine-mariages-ceremonies.com\/de\/wp-json\/wp\/v2\/product"}],"about":[{"href":"https:\/\/www.eglantine-mariages-ceremonies.com\/de\/wp-json\/wp\/v2\/types\/product"}],"replies":[{"embeddable":true,"href":"https:\/\/www.eglantine-mariages-ceremonies.com\/de\/wp-json\/wp\/v2\/comments?post=5396"}],"wp:featuredmedia":[{"embeddable":true,"href":"https:\/\/www.eglantine-mariages-ceremonies.com\/de\/wp-json\/wp\/v2\/media\/5319"}],"wp:attachment":[{"href":"https:\/\/www.eglantine-mariages-ceremonies.com\/de\/wp-json\/wp\/v2\/media?parent=5396"}],"wp:term":[{"taxonomy":"product_cat","embeddable":true,"href":"https:\/\/www.eglantine-mariages-ceremonies.com\/de\/wp-json\/wp\/v2\/product_cat?post=5396"},{"taxonomy":"product_tag","embeddable":true,"href":"https:\/\/www.eglantine-mariages-ceremonies.com\/de\/wp-json\/wp\/v2\/product_tag?post=5396"}],"curies":[{"name":"wp","href":"https:\/\/api.w.org\/{rel}","templated":true}]}}