{"id":5103,"date":"2024-07-11T11:38:49","date_gmt":"2024-07-11T09:38:49","guid":{"rendered":"https:\/\/www.eglantine-mariages-ceremonies.com\/?post_type=product&#038;p=5103"},"modified":"2024-08-06T13:54:31","modified_gmt":"2024-08-06T11:54:31","slug":"loredana","status":"publish","type":"product","link":"https:\/\/www.eglantine-mariages-ceremonies.com\/de\/produit\/loredana\/","title":{"rendered":"Loredana"},"content":{"rendered":"<p>Coloris : ivoire Taille : du 34 au 60<\/p>\n","protected":false},"excerpt":{"rendered":"<p>D\u00e9licate et sensuelle, Loredana revisite le romantisme avec subtilit\u00e9. La dentelle de coton couvre le corsage c\u0153ur au d\u00e9collet\u00e9 Bardot. Avec ses bandes de dentelles verticales, la jupe en tulle apporte mouvement et fluidit\u00e9 \u00e0 cette robe au style enchanteur.<\/p>\n","protected":false},"featured_media":4882,"comment_status":"closed","ping_status":"closed","template":"","meta":[],"product_cat":[91],"product_tag":[],"acf":[],"yoast_head":"<!-- This site is optimized with the Yoast SEO plugin v20.3 - https:\/\/yoast.com\/wordpress\/plugins\/seo\/ -->\n<title>Loredana - \u00c9glantine Mariages C\u00e9r\u00e9monies<\/title>\n<meta name=\"robots\" content=\"index, follow, max-snippet:-1, max-image-preview:large, max-video-preview:-1\" \/>\n<link rel=\"canonical\" href=\"https:\/\/www.eglantine-mariages-ceremonies.com\/de\/produit\/loredana\/\" \/>\n<meta property=\"og:locale\" content=\"de_DE\" \/>\n<meta property=\"og:type\" content=\"article\" \/>\n<meta property=\"og:title\" content=\"Loredana - \u00c9glantine Mariages C\u00e9r\u00e9monies\" \/>\n<meta property=\"og:description\" content=\"D\u00e9licate et sensuelle, Loredana revisite le romantisme avec subtilit\u00e9. La dentelle de coton couvre le corsage c\u0153ur au d\u00e9collet\u00e9 Bardot. Avec ses bandes de dentelles verticales, la jupe en tulle apporte mouvement et fluidit\u00e9 \u00e0 cette robe au style enchanteur.\" \/>\n<meta property=\"og:url\" content=\"https:\/\/www.eglantine-mariages-ceremonies.com\/de\/produit\/loredana\/\" \/>\n<meta property=\"og:site_name\" content=\"\u00c9glantine Mariages C\u00e9r\u00e9monies\" \/>\n<meta property=\"article:modified_time\" content=\"2024-08-06T11:54:31+00:00\" \/>\n<meta property=\"og:image\" content=\"https:\/\/www.eglantine-mariages-ceremonies.com\/wp-content\/uploads\/2024\/07\/LOREDANA_5763-BDef-scaled.jpg\" \/>\n\t<meta property=\"og:image:width\" content=\"2696\" \/>\n\t<meta property=\"og:image:height\" content=\"4000\" \/>\n\t<meta property=\"og:image:type\" content=\"image\/jpeg\" \/>\n<meta name=\"twitter:card\" content=\"summary_large_image\" \/>\n<meta name=\"twitter:label1\" content=\"Gesch\u00e4tzte Lesezeit\" \/>\n\t<meta name=\"twitter:data1\" content=\"1\u00a0Minute\" \/>\n<script type=\"application\/ld+json\" class=\"yoast-schema-graph\">{\"@context\":\"https:\/\/schema.org\",\"@graph\":[{\"@type\":\"WebPage\",\"@id\":\"https:\/\/www.eglantine-mariages-ceremonies.com\/de\/produit\/loredana\/\",\"url\":\"https:\/\/www.eglantine-mariages-ceremonies.com\/de\/produit\/loredana\/\",\"name\":\"Loredana - \u00c9glantine Mariages C\u00e9r\u00e9monies\",\"isPartOf\":{\"@id\":\"https:\/\/www.eglantine-mariages-ceremonies.com\/de\/#website\"},\"datePublished\":\"2024-07-11T09:38:49+00:00\",\"dateModified\":\"2024-08-06T11:54:31+00:00\",\"breadcrumb\":{\"@id\":\"https:\/\/www.eglantine-mariages-ceremonies.com\/de\/produit\/loredana\/#breadcrumb\"},\"inLanguage\":\"de\",\"potentialAction\":[{\"@type\":\"ReadAction\",\"target\":[\"https:\/\/www.eglantine-mariages-ceremonies.com\/de\/produit\/loredana\/\"]}]},{\"@type\":\"BreadcrumbList\",\"@id\":\"https:\/\/www.eglantine-mariages-ceremonies.com\/de\/produit\/loredana\/#breadcrumb\",\"itemListElement\":[{\"@type\":\"ListItem\",\"position\":1,\"name\":\"Accueil\",\"item\":\"https:\/\/www.eglantine-mariages-ceremonies.com\/de\/\"},{\"@type\":\"ListItem\",\"position\":2,\"name\":\"Eglantine\",\"item\":\"https:\/\/www.eglantine-mariages-ceremonies.com\/de\/categorie-produit\/eglantine\/\"},{\"@type\":\"ListItem\",\"position\":3,\"name\":\"Loredana\"}]},{\"@type\":\"WebSite\",\"@id\":\"https:\/\/www.eglantine-mariages-ceremonies.com\/de\/#website\",\"url\":\"https:\/\/www.eglantine-mariages-ceremonies.com\/de\/\",\"name\":\"\u00c9glantine Mariages C\u00e9r\u00e9monies\",\"description\":\"\",\"publisher\":{\"@id\":\"https:\/\/www.eglantine-mariages-ceremonies.com\/de\/#organization\"},\"potentialAction\":[{\"@type\":\"SearchAction\",\"target\":{\"@type\":\"EntryPoint\",\"urlTemplate\":\"https:\/\/www.eglantine-mariages-ceremonies.com\/de\/?s={search_term_string}\"},\"query-input\":\"required name=search_term_string\"}],\"inLanguage\":\"de\"},{\"@type\":\"Organization\",\"@id\":\"https:\/\/www.eglantine-mariages-ceremonies.com\/de\/#organization\",\"name\":\"\u00c9glantine Mariages C\u00e9r\u00e9monies\",\"url\":\"https:\/\/www.eglantine-mariages-ceremonies.com\/de\/\",\"logo\":{\"@type\":\"ImageObject\",\"inLanguage\":\"de\",\"@id\":\"https:\/\/www.eglantine-mariages-ceremonies.com\/de\/#\/schema\/logo\/image\/\",\"url\":\"https:\/\/www.eglantine-mariages-ceremonies.com\/wp-content\/uploads\/2022\/08\/cropped-logo-eglantine-mariages-et-ceremonies.png\",\"contentUrl\":\"https:\/\/www.eglantine-mariages-ceremonies.com\/wp-content\/uploads\/2022\/08\/cropped-logo-eglantine-mariages-et-ceremonies.png\",\"width\":652,\"height\":220,\"caption\":\"\u00c9glantine Mariages C\u00e9r\u00e9monies\"},\"image\":{\"@id\":\"https:\/\/www.eglantine-mariages-ceremonies.com\/de\/#\/schema\/logo\/image\/\"}}]}<\/script>\n<!-- \/ Yoast SEO plugin. -->","yoast_head_json":{"title":"Loredana - \u00c9glantine Mariages C\u00e9r\u00e9monies","robots":{"index":"index","follow":"follow","max-snippet":"max-snippet:-1","max-image-preview":"max-image-preview:large","max-video-preview":"max-video-preview:-1"},"canonical":"https:\/\/www.eglantine-mariages-ceremonies.com\/de\/produit\/loredana\/","og_locale":"de_DE","og_type":"article","og_title":"Loredana - \u00c9glantine Mariages C\u00e9r\u00e9monies","og_description":"D\u00e9licate et sensuelle, Loredana revisite le romantisme avec subtilit\u00e9. La dentelle de coton couvre le corsage c\u0153ur au d\u00e9collet\u00e9 Bardot. Avec ses bandes de dentelles verticales, la jupe en tulle apporte mouvement et fluidit\u00e9 \u00e0 cette robe au style enchanteur.","og_url":"https:\/\/www.eglantine-mariages-ceremonies.com\/de\/produit\/loredana\/","og_site_name":"\u00c9glantine Mariages C\u00e9r\u00e9monies","article_modified_time":"2024-08-06T11:54:31+00:00","og_image":[{"width":2696,"height":4000,"url":"https:\/\/www.eglantine-mariages-ceremonies.com\/wp-content\/uploads\/2024\/07\/LOREDANA_5763-BDef-scaled.jpg","type":"image\/jpeg"}],"twitter_card":"summary_large_image","twitter_misc":{"Gesch\u00e4tzte Lesezeit":"1\u00a0Minute"},"schema":{"@context":"https:\/\/schema.org","@graph":[{"@type":"WebPage","@id":"https:\/\/www.eglantine-mariages-ceremonies.com\/de\/produit\/loredana\/","url":"https:\/\/www.eglantine-mariages-ceremonies.com\/de\/produit\/loredana\/","name":"Loredana - \u00c9glantine Mariages C\u00e9r\u00e9monies","isPartOf":{"@id":"https:\/\/www.eglantine-mariages-ceremonies.com\/de\/#website"},"datePublished":"2024-07-11T09:38:49+00:00","dateModified":"2024-08-06T11:54:31+00:00","breadcrumb":{"@id":"https:\/\/www.eglantine-mariages-ceremonies.com\/de\/produit\/loredana\/#breadcrumb"},"inLanguage":"de","potentialAction":[{"@type":"ReadAction","target":["https:\/\/www.eglantine-mariages-ceremonies.com\/de\/produit\/loredana\/"]}]},{"@type":"BreadcrumbList","@id":"https:\/\/www.eglantine-mariages-ceremonies.com\/de\/produit\/loredana\/#breadcrumb","itemListElement":[{"@type":"ListItem","position":1,"name":"Accueil","item":"https:\/\/www.eglantine-mariages-ceremonies.com\/de\/"},{"@type":"ListItem","position":2,"name":"Eglantine","item":"https:\/\/www.eglantine-mariages-ceremonies.com\/de\/categorie-produit\/eglantine\/"},{"@type":"ListItem","position":3,"name":"Loredana"}]},{"@type":"WebSite","@id":"https:\/\/www.eglantine-mariages-ceremonies.com\/de\/#website","url":"https:\/\/www.eglantine-mariages-ceremonies.com\/de\/","name":"\u00c9glantine Mariages C\u00e9r\u00e9monies","description":"","publisher":{"@id":"https:\/\/www.eglantine-mariages-ceremonies.com\/de\/#organization"},"potentialAction":[{"@type":"SearchAction","target":{"@type":"EntryPoint","urlTemplate":"https:\/\/www.eglantine-mariages-ceremonies.com\/de\/?s={search_term_string}"},"query-input":"required name=search_term_string"}],"inLanguage":"de"},{"@type":"Organization","@id":"https:\/\/www.eglantine-mariages-ceremonies.com\/de\/#organization","name":"\u00c9glantine Mariages C\u00e9r\u00e9monies","url":"https:\/\/www.eglantine-mariages-ceremonies.com\/de\/","logo":{"@type":"ImageObject","inLanguage":"de","@id":"https:\/\/www.eglantine-mariages-ceremonies.com\/de\/#\/schema\/logo\/image\/","url":"https:\/\/www.eglantine-mariages-ceremonies.com\/wp-content\/uploads\/2022\/08\/cropped-logo-eglantine-mariages-et-ceremonies.png","contentUrl":"https:\/\/www.eglantine-mariages-ceremonies.com\/wp-content\/uploads\/2022\/08\/cropped-logo-eglantine-mariages-et-ceremonies.png","width":652,"height":220,"caption":"\u00c9glantine Mariages C\u00e9r\u00e9monies"},"image":{"@id":"https:\/\/www.eglantine-mariages-ceremonies.com\/de\/#\/schema\/logo\/image\/"}}]}},"_links":{"self":[{"href":"https:\/\/www.eglantine-mariages-ceremonies.com\/de\/wp-json\/wp\/v2\/product\/5103"}],"collection":[{"href":"https:\/\/www.eglantine-mariages-ceremonies.com\/de\/wp-json\/wp\/v2\/product"}],"about":[{"href":"https:\/\/www.eglantine-mariages-ceremonies.com\/de\/wp-json\/wp\/v2\/types\/product"}],"replies":[{"embeddable":true,"href":"https:\/\/www.eglantine-mariages-ceremonies.com\/de\/wp-json\/wp\/v2\/comments?post=5103"}],"wp:featuredmedia":[{"embeddable":true,"href":"https:\/\/www.eglantine-mariages-ceremonies.com\/de\/wp-json\/wp\/v2\/media\/4882"}],"wp:attachment":[{"href":"https:\/\/www.eglantine-mariages-ceremonies.com\/de\/wp-json\/wp\/v2\/media?parent=5103"}],"wp:term":[{"taxonomy":"product_cat","embeddable":true,"href":"https:\/\/www.eglantine-mariages-ceremonies.com\/de\/wp-json\/wp\/v2\/product_cat?post=5103"},{"taxonomy":"product_tag","embeddable":true,"href":"https:\/\/www.eglantine-mariages-ceremonies.com\/de\/wp-json\/wp\/v2\/product_tag?post=5103"}],"curies":[{"name":"wp","href":"https:\/\/api.w.org\/{rel}","templated":true}]}}